{"id":996,"date":"2017-09-15T11:33:21","date_gmt":"2017-09-15T14:33:21","guid":{"rendered":"http:\/\/pages.cnpem.br\/workshopmicrofluidica\/?page_id=996"},"modified":"2017-11-07T15:26:11","modified_gmt":"2017-11-07T17:26:11","slug":"apresentacoes","status":"publish","type":"page","link":"https:\/\/pages.cnpem.br\/workshopmicrofluidica\/apresentacoes\/","title":{"rendered":"Apresenta\u00e7\u00f5es"},"content":{"rendered":"<table style=\"width: 591px;\">\n<tbody>\n<tr>\n<td style=\"width: 65px;\"><strong>\u00a0Trabalho<\/strong><\/td>\n<td style=\"width: 286px; text-align: center;\"><strong>T\u00edtulo<\/strong><\/td>\n<td style=\"width: 209px; text-align: center;\"><strong>Autores<\/strong><\/td>\n<\/tr>\n<tr>\n<td style=\"width: 65px; text-align: center;\"><strong>\u00a01<\/strong><\/td>\n<td style=\"width: 286px; text-align: left;\"><a href=\"http:\/\/pages.cnpem.br\/workshopmicrofluidica\/wp-content\/uploads\/sites\/4\/2017\/09\/T1_de_Rossi.pdf\" target=\"_blank\" rel=\"noopener\">\u00a0MICROFLUIDIC DEVICES PRODUCED BY MICROMACHINING WITH ULTRA-SHORT LASER PULSES<\/a><\/td>\n<td style=\"width: 209px;\">\u00a0DE ROSSI; HERRERA, CRISTHIANO DA COSTA; VIEIRA JR., NILSON DIAS; SAMAD, RICARDO ELGUL<\/td>\n<\/tr>\n<tr>\n<td style=\"width: 65px; text-align: center;\"><strong>2\u00a0<\/strong><\/td>\n<td style=\"width: 286px;\"><a href=\"http:\/\/pages.cnpem.br\/workshopmicrofluidica\/wp-content\/uploads\/sites\/4\/2017\/09\/T2_Siqueira.pdf\" target=\"_blank\" rel=\"noopener\">\u00a0STUDY OF THE STYRENE EMULSIONS FORMATION IN A MICRO REACTOR USING FLUENT CFD TOOL<\/a><\/td>\n<td style=\"width: 209px;\">\u00a0C. S. SIQUEIRA, F\u00c1BIO; S. VIANNA JR., ARDSON<\/td>\n<\/tr>\n<tr>\n<td style=\"width: 65px; text-align: center;\"><strong>3\u00a0<\/strong><\/td>\n<td style=\"width: 286px;\"><a href=\"http:\/\/pages.cnpem.br\/workshopmicrofluidica\/wp-content\/uploads\/sites\/4\/2017\/09\/T3_Berli.pdf\" target=\"_blank\" rel=\"noopener\">\u00a0MODELING THE ANOMALOUS FILLING DYNAMICS IN MESOPOROUS FILMS<\/a><\/td>\n<td style=\"width: 209px;\">\u00a0BERLI, CLAUDIO L. A.; MERCURI, MAGAL\u00cd; BELLINO, MATIN G.<\/td>\n<\/tr>\n<tr>\n<td style=\"width: 65px; text-align: center;\"><strong>4\u00a0<\/strong><\/td>\n<td style=\"width: 286px;\">\u00a0<a href=\"http:\/\/pages.cnpem.br\/workshopmicrofluidica\/wp-content\/uploads\/sites\/4\/2017\/09\/T4_Comunian.pdf\" target=\"_blank\" rel=\"noopener\">CO-ENCAPSULATION OF ECHIUM OIL AND SINAPIC ACID OR QUERCETIN BY COMBINED METHODS: MICROFLUIDIC DEVICES AND IONIC GELATION<\/a><\/td>\n<td style=\"width: 209px;\">\u00a0COMUNIAN, TALITA; RAVANFAR, RAHELEH; CASTRO, INAR; DANDO, ROBIN; FAVARO-TRINDADE, CARMEN; ABBASPOURRAD, ALIREZA<\/td>\n<\/tr>\n<tr>\n<td style=\"width: 65px; text-align: center;\"><strong>5\u00a0<\/strong><\/td>\n<td style=\"width: 286px;\"><a href=\"http:\/\/pages.cnpem.br\/workshopmicrofluidica\/wp-content\/uploads\/sites\/4\/2017\/09\/T5_Lara.pdf\" target=\"_blank\" rel=\"noopener\">\u00a0FLEXIBLE MICROFLUIDICS &#8211; A NEW APPROACH TO WEARABLE DEVICES<\/a><\/td>\n<td style=\"width: 209px;\">\u00a0LARA, D.S. DE; NASCIMENTO F.; SAVU R.; MOSHKALEV S.<\/td>\n<\/tr>\n<tr>\n<td style=\"width: 65px; text-align: center;\"><strong>6\u00a0<\/strong><\/td>\n<td style=\"width: 286px;\"><a href=\"http:\/\/pages.cnpem.br\/workshopmicrofluidica\/wp-content\/uploads\/sites\/4\/2017\/09\/T6_Michelon.pdf\" target=\"_blank\" rel=\"noopener\">\u00a0ONE-STEP MICROFLUIDIC PRODUCTION OF \u0392-CAROTENE-LOADED ULTRATHIN SHELL DOUBLE EMULSIONS AIMING FOOD APPLICATIONS<\/a><\/td>\n<td style=\"width: 209px;\">\u00a0MICHELON, MARIANO; OLIVEIRA, DAVI ROCHA BERNARDES; FURTADO, GUILHERME DE FIGUEIREDO; HUANG, YUTING; DE LA TORRE, LUCIMARA GAZIOLA; WEITZ, DAVID; CUNHA, ROSIANE LOPES<\/td>\n<\/tr>\n<tr>\n<td style=\"width: 65px; text-align: center;\"><strong>7\u00a0<\/strong><\/td>\n<td style=\"width: 286px;\">\u00a0<a href=\"http:\/\/pages.cnpem.br\/workshopmicrofluidica\/wp-content\/uploads\/sites\/4\/2017\/09\/T7_Rocha.pdf\">MAKING OF A MICROFLUIDIC DEVICE IN PAPER USING BROWN COLORING PENCIL FOR DIDACTIC APPLICATION<\/a><\/td>\n<td style=\"width: 209px;\">\u00a0ROCHA, THIAGO; MOUTINHO, RICARDO; ROSSINI, EDUARDO; PEZZA, LEONARDO; PEZZA, HELENA<\/td>\n<\/tr>\n<tr>\n<td style=\"width: 65px; text-align: center;\"><strong>8\u00a0<\/strong><\/td>\n<td style=\"width: 286px;\"><a href=\"http:\/\/pages.cnpem.br\/workshopmicrofluidica\/wp-content\/uploads\/sites\/4\/2017\/09\/T8_Bourg.pdf\">\u00a0OSTE MICROCHIPS BASED ON GOLD NANOPARTICLES FOR CHEMICAL AND BIOLOGICAL ANALYSIS<\/a><\/td>\n<td style=\"width: 209px;\">BOURG, SAMANTHA; D&#8217;ORLY\u00c9, FANNY; GRIVEAU, SOPHIE; VARENNE, ANNE; BEDIOUI, FETHI; DA SILVA, JOS\u00c9 ALBERTO FRACASSI<\/td>\n<\/tr>\n<tr>\n<td style=\"width: 65px; text-align: center;\"><strong>9\u00a0<\/strong><\/td>\n<td style=\"width: 286px;\"><a href=\"http:\/\/pages.cnpem.br\/workshopmicrofluidica\/wp-content\/uploads\/sites\/4\/2017\/09\/T9_Oliveira.pdf\">\u00a0EFFECT OF GELATION METHOD AND MICROCHANNELS STRUCTURE FOR ALGINATE MICROPARTICLES PRODUCTION IN MICROFLUIDICS<\/a><\/td>\n<td style=\"width: 209px;\">\u00a0OLIVEIRA, ALINE FURTADO; BASTOS, REINALDO GASPAR; DE LA TORRE, LUCIMARA GAZIOLA<\/td>\n<\/tr>\n<tr>\n<td style=\"width: 65px; text-align: center;\"><strong>10\u00a0<\/strong><\/td>\n<td style=\"width: 286px;\">\u00a0<a href=\"http:\/\/pages.cnpem.br\/workshopmicrofluidica\/wp-content\/uploads\/sites\/4\/2017\/09\/T10_Martucci.pdf\">NEW ELECTROCHEMICAL CELL IN MICROFLUIDICS WITH REUSABLE ELECTRODES ALLOWS SENSITIVE NAKED-EYE DETECTION<\/a><\/td>\n<td style=\"width: 209px;\">\u00a0MARTUCCI, DIEGO H.; TOD\u00c3O, FAGNER R.; GOBBI, \u00c2NGELO L.; LIMA, RENATO S.<\/td>\n<\/tr>\n<tr>\n<td style=\"width: 65px; text-align: center;\"><strong>11\u00a0<\/strong><\/td>\n<td style=\"width: 286px;\"><a href=\"http:\/\/pages.cnpem.br\/workshopmicrofluidica\/wp-content\/uploads\/sites\/4\/2017\/09\/T11_Herrera.pdf\">\u00a0DEVELOPMENT OF A MICROFLUIDIC CIRCUIT WITH FEMTOSECOND LASER TECHNOLOGY FOR ENZYME-LINKED IMMUNOSORBENT ASSAY VALIDATION<\/a><\/td>\n<td style=\"width: 209px;\">HERRERA, CRISTHIANO C. ; RIBEIRO, MARTHA S. ; SPENCER, PATRICK J. ; SAMAD, RICARDO E. ; VIEIRA JR, NILSON D. ; ROSSI, WAGNER DE<\/td>\n<\/tr>\n<tr>\n<td style=\"width: 65px; text-align: center;\"><strong>12\u00a0<\/strong><\/td>\n<td style=\"width: 286px;\"><a href=\"http:\/\/pages.cnpem.br\/workshopmicrofluidica\/wp-content\/uploads\/sites\/4\/2017\/09\/T12_Argumedo.pdf\">\u00a0MICROFLUIDIC APPLICATIONS IN OPTICAL TRAPPING<\/a><\/td>\n<td style=\"width: 209px;\">\u00a0DANIEL RICARDO ARGUMEDO, MARCELLA PECORA MILAZZOTTO, AND ANTONIO ALVARO RANHA NEVES<\/td>\n<\/tr>\n<tr>\n<td style=\"width: 65px; text-align: center;\"><strong>13\u00a0<\/strong><\/td>\n<td style=\"width: 286px;\"><a href=\"http:\/\/pages.cnpem.br\/workshopmicrofluidica\/wp-content\/uploads\/sites\/4\/2017\/09\/T13_Giordano.pdf\">\u00a0HIGH PERFORMANCE DESALINATION USING GRAVITY-ASSISTED DISTILLATION ON A CHIP<\/a><\/td>\n<td style=\"width: 209px;\">\u00a0GIORDANO, GABRIELA F.; VIEIRA, LUIS CARLOS S.; GOBBI, ANGELO L.; LIMA, RENATO S.; KUBOTA, LAURO T.<\/td>\n<\/tr>\n<tr>\n<td style=\"width: 65px; text-align: center;\"><strong>14\u00a0<\/strong><\/td>\n<td style=\"width: 286px;\"><a href=\"http:\/\/pages.cnpem.br\/workshopmicrofluidica\/wp-content\/uploads\/sites\/4\/2017\/09\/T14_Gutierrez.pdf\">FLOW OF A POLYMERIC SOLUTION THROUGH A CONSTRICTED MICROCHANNEL<\/a><\/td>\n<td style=\"width: 209px;\">\u00a0FLORI\u00c1N GUTI\u00c9RREZ, JOS\u00c9 ANGEL; MOURA, MARIA JO\u00c3O; CARVALHO, M\u00c1RCIO<\/td>\n<\/tr>\n<tr>\n<td style=\"width: 65px; text-align: center;\"><strong>15\u00a0<\/strong><\/td>\n<td style=\"width: 286px;\">\u00a0<a href=\"http:\/\/pages.cnpem.br\/workshopmicrofluidica\/wp-content\/uploads\/sites\/4\/2017\/09\/T15_Pessoa.pdf\">HYDRODYNAMIC FLOW FOCUSING MICROFLUIDIC CONFIGURATION FOR CHITOSAN NANOPARTICLES SYNTHESIS<\/a><\/td>\n<td style=\"width: 209px;\">\u00a0PESSOA, AMANDA DA COSTA E SILVA DE NORONHA PESSOA; SIPOLI, CAROLINE CASAGRANDE; DE LA TORRE, LUCIMARA GAZIOLA<\/td>\n<\/tr>\n<tr>\n<td style=\"width: 65px; text-align: center;\"><strong>16\u00a0<\/strong><\/td>\n<td style=\"width: 286px;\">\u00a0<a href=\"http:\/\/pages.cnpem.br\/workshopmicrofluidica\/wp-content\/uploads\/sites\/4\/2017\/09\/T16_Tod\u00e3o.pdf\">FUNCTIONALIZATION-FREE MICROFLUIDIC ELECTRONIC TONGUE BASED ON A SINGLE RESPONSE<\/a><\/td>\n<td style=\"width: 209px;\">\u00a0SHIMIZU, FLAVIO; TOD\u00c3O, FAGNER; PASQUALETI, ANIELLI; GOBBI, ANGELO; OLIVEIRA JR.,OSVALDO; GARCIA, CARLOS; LIMA, RENATO.<\/td>\n<\/tr>\n<tr>\n<td style=\"width: 65px; text-align: center;\"><strong>17\u00a0<\/strong><\/td>\n<td style=\"width: 286px;\">\u00a0<a href=\"http:\/\/pages.cnpem.br\/workshopmicrofluidica\/wp-content\/uploads\/sites\/4\/2017\/09\/T17_Clairmont.pdf\">DEVELOPMENT OF MICRODEVICES FOR DETERMINATION OF CAFFEINE IN LAB-MADE SEWAGE<\/a><\/td>\n<td style=\"width: 209px;\">\u00a0LUCHIANR, NAT\u00c1LIA; FILHO, JULIANO PASSARETTI; MARTINS, GIOVANA SILVA; CARDOSO, ARNALDO ALVES; LIMA GOMES, PAULO CLAIRMONT F.<\/td>\n<\/tr>\n<tr>\n<td style=\"width: 65px; text-align: center;\"><strong>18\u00a0<\/strong><\/td>\n<td style=\"width: 286px;\">\u00a0<a href=\"http:\/\/pages.cnpem.br\/workshopmicrofluidica\/wp-content\/uploads\/sites\/4\/2017\/09\/T18_Naves.pdf\">SYNTHESIS OF PEPTIDE-BASED NANOPARTICLES VIA MICROFLUIDIC PROCESS<\/a><\/td>\n<td style=\"width: 209px;\">\u00a0NAVES, T.F; PERLI, G; BALBINO, T. A; DE LA TORRE, L.G.<\/td>\n<\/tr>\n<tr>\n<td style=\"width: 65px; text-align: center;\"><strong>19\u00a0<\/strong><\/td>\n<td style=\"width: 286px;\"><a href=\"http:\/\/pages.cnpem.br\/workshopmicrofluidica\/wp-content\/uploads\/sites\/4\/2017\/09\/T19_Giordano.pdf\">RENEWABLE SOLID ELECTRODES IN MICROFLUIDICS: RECOVERING THE ELECTROCHEMICAL ACTIVITY WITHOUT TREATING THE SURFACE<\/a><\/td>\n<td style=\"width: 209px;\">\u00a0GABRIELA F. GIORDANO, CARLOS A. TEIXEIRA, MAISA B. BELTRAME, LUIS C. S. VIEIRA, ANGELO L. GOBBI, AND RENATO S. LIMA<\/td>\n<\/tr>\n<tr>\n<td style=\"width: 65px; text-align: center;\"><strong>20\u00a0<\/strong><\/td>\n<td style=\"width: 286px;\"><a href=\"http:\/\/pages.cnpem.br\/workshopmicrofluidica\/wp-content\/uploads\/sites\/4\/2017\/09\/T20_Costa.pdf\">GELLAN MICROGELS AS ENCAPSULATING MATRIX: STUDY OF MICROCHANNELS DESIGN<\/a><\/td>\n<td style=\"width: 209px;\">\u00a0COSTA, ANA LET\u00cdCIA RODRIGUES; GOMES, ANDRESA; USHIKUBO, FERNANDA YUMI; CUNHA, ROSIANE LOPES<\/td>\n<\/tr>\n<tr>\n<td style=\"width: 65px; text-align: center;\"><strong>21\u00a0<\/strong><\/td>\n<td style=\"width: 286px;\"><a href=\"http:\/\/pages.cnpem.br\/workshopmicrofluidica\/wp-content\/uploads\/sites\/4\/2017\/09\/T21_de_Oliveira.pdf\">VENATION-INSPIRED CHANNEL NETWORKS FOR ENHANCED FLUID TRANSPORT IN POROUS MEDIA<\/a><\/td>\n<td style=\"width: 209px;\">\u00a0DE OLIVEIRA, CAIO MARTINS RAMOS; DE ALMEIDA, MURILO PEREIRA; ALENCAR, ADRIANO MESQUITA<\/td>\n<\/tr>\n<tr>\n<td style=\"width: 65px; text-align: center;\"><strong>22\u00a0<\/strong><\/td>\n<td style=\"width: 286px;\"><a href=\"http:\/\/pages.cnpem.br\/workshopmicrofluidica\/wp-content\/uploads\/sites\/4\/2017\/09\/T22_Camargo.pdf\">USE OF SMARTPHONE FOR TURBIDIMETRIC DETECTION AND CONTROL OF TURBULENT MICROFLUIDIC PLATFORM TOWARD FULL AUTOMATION OF MICROEMULSIFICATION-BASED METHOD<\/a><\/td>\n<td style=\"width: 209px;\">\u00a0CAMARGO, CAMILA; MENDES, L\u00cdVIA; SCHWARZ, STEPHANE; VIEIRA, LUIS; D\u2019\u00c1VILA, MARCOS; GOBBI, ANGELO; LIMA, RENATO<\/td>\n<\/tr>\n<tr>\n<td style=\"width: 65px; text-align: center;\"><strong>23\u00a0<\/strong><\/td>\n<td style=\"width: 286px;\"><a href=\"http:\/\/pages.cnpem.br\/workshopmicrofluidica\/wp-content\/uploads\/sites\/4\/2017\/09\/T23_Pati\u00f1o.pdf\">SPH SIMULATION TOOL FOR MICRO-FLUIDICS PROBLEMS WITH DIFFERENT DENSITY RATIOS<\/a><\/td>\n<td style=\"width: 209px;\">\u00a0PATI\u00d1O-NARI\u00d1O, EDGAR ANDRES; IDAGAWA, HUGO SAKAI;DE LARA, DANIEL S.;SAVU, RALUCA; MOSHKALEV, STANISLAV; FERREIRA, LUIZ OT\u00c1VIO SARAIVA<\/td>\n<\/tr>\n<tr>\n<td style=\"width: 65px; text-align: center;\"><strong>24\u00a0<\/strong><\/td>\n<td style=\"width: 286px;\"><a href=\"http:\/\/pages.cnpem.br\/workshopmicrofluidica\/wp-content\/uploads\/sites\/4\/2017\/09\/T24_Pati\u00f1o.pdf\">SPH SIMULATION METHOD APPLIED TO MICRO-CHANNEL: MULTI-FLUIDS AND SURFACE TENSION<\/a><\/td>\n<td style=\"width: 209px;\">\u00a0PATI\u00d1O-NARI\u00d1O, EDGAR ANDRES;DE LARA, DANIEL S.;SAVU, RALUCA; MOSHKALEV, STANISLAV; FERREIRA, LUIZ OT\u00c1VIO SARAIVA<\/td>\n<\/tr>\n<tr>\n<td style=\"width: 65px; text-align: center;\"><strong>25\u00a0<\/strong><\/td>\n<td style=\"width: 286px;\"><a href=\"http:\/\/pages.cnpem.br\/workshopmicrofluidica\/wp-content\/uploads\/sites\/4\/2017\/09\/T25_Luchiari.pdf\">DESENVOLVIMENTO DE M\u00c9TODO COLORIM\u00c9TRICO PARA DETERMINA\u00c7\u00c3O DE CAFE\u00cdNA EM MATRIZES COMPLEXAS<\/a><\/td>\n<td style=\"width: 209px;\">LUCHIARI, NAT\u00c1LIA; PASSARETTI JULIANO; COSTA, MARIA ANG\u00c9LICA; ALVES, ARNALDO; LIMA GOMES, PAULO<\/td>\n<\/tr>\n<tr>\n<td style=\"width: 65px; text-align: center;\"><strong>26\u00a0<\/strong><\/td>\n<td style=\"width: 286px;\"><a href=\"http:\/\/pages.cnpem.br\/workshopmicrofluidica\/wp-content\/uploads\/sites\/4\/2017\/09\/T26_de_Almeida.pdf\">SIMULATIONS OF CAPILLARY SYSTEMS<\/a><\/td>\n<td style=\"width: 209px;\">\u00a0DE ALMEIDA, ALEXANDRE B.; GIOVAMBATTISTA, NICOLAS; BULDYREV, SERGEY V.; ALENCAR, ADRIANO M.<\/td>\n<\/tr>\n<tr>\n<td style=\"width: 65px; text-align: center;\"><strong>27\u00a0<\/strong><\/td>\n<td style=\"width: 286px;\"><a href=\"http:\/\/pages.cnpem.br\/workshopmicrofluidica\/wp-content\/uploads\/sites\/4\/2017\/09\/T27_E\u00e7_montebugnoli.pdf\">\u00a0MICROFLUIDIC PLATFORMS BASED ON CHAOTIC MIXING AND DIFFUSION FOR COMPLEXATION OF CATIONIC LIPOSOME AND PDNA<\/a><\/td>\n<td style=\"width: 209px;\">\u00a0E\u015e, ISMAIL; MONTEBUGNOLI, LEONARDO JOS\u00c9; DE LA TORRE, LUCIMARA GAZIOLA<\/td>\n<\/tr>\n<tr>\n<td style=\"width: 65px; text-align: center;\"><strong>28\u00a0<\/strong><\/td>\n<td style=\"width: 286px;\"><a href=\"http:\/\/pages.cnpem.br\/workshopmicrofluidica\/wp-content\/uploads\/sites\/4\/2017\/09\/T28_Perli.pdf\">\u00a0SINGLE- AND MULTI-STEP SYNTHESIS OF STEALTH LIPOSOMES THROUGH HYDRODYNAMIC FLOW FOCUSING MICROFLUIDIC TECHNIQUE<\/a><\/td>\n<td style=\"width: 209px;\">\u00a0PERLI, GABRIEL; PESSOA, A. C. S. N.; DE LA TORRE, L. G.<\/td>\n<\/tr>\n<tr>\n<td style=\"width: 65px; text-align: center;\"><strong>29\u00a0<\/strong><\/td>\n<td style=\"width: 286px;\"><a href=\"http:\/\/pages.cnpem.br\/workshopmicrofluidica\/wp-content\/uploads\/sites\/4\/2017\/09\/T29_Takaoka.pdf\">PRODUCTION OF EXPENDABLE MICROFLUIDIC SYSTEMS BY 3D-PRINTING FOR PETROLEUM PROCESSING<\/a><\/td>\n<td style=\"width: 209px;\">\u00a0KATAOKA, ERICA; MURER, RUI; SANTOS, JANDYSON; CARVALHO, ROG\u00c9RIO; EBERLIN, MARCOS; AUGUSTO, FABIO; POPPI, RONEI; GOBBI, ANGELO; HANTAO, LEANDRO.<\/td>\n<\/tr>\n<tr>\n<td style=\"width: 65px; text-align: center;\"><strong>30\u00a0<\/strong><\/td>\n<td style=\"width: 286px;\"><a href=\"http:\/\/pages.cnpem.br\/workshopmicrofluidica\/wp-content\/uploads\/sites\/4\/2017\/09\/T30_Pinheiro.pdf\">SEPARATION OF LEAD AND BARIUM ON ELECTROPHORESIS MICROCHIPS COUPLED WITH CONTACTLESS CONDUCTIVITY<\/a><br \/>\n<a href=\"http:\/\/pages.cnpem.br\/workshopmicrofluidica\/wp-content\/uploads\/sites\/4\/2017\/09\/T30_Pinheiro.pdf\">DETECTION<\/a><\/td>\n<td style=\"width: 209px;\">\u00a0PINHEIRO, KEMILLY M. P.; MOREIRA, ROGER C.; ROM\u00c3O, WANDERSON;<br \/>\nCOLTRO, WENDELL K. T.<\/td>\n<\/tr>\n<tr>\n<td style=\"width: 65px; text-align: center;\"><strong>31\u00a0<\/strong><\/td>\n<td style=\"width: 286px;\"><a href=\"http:\/\/pages.cnpem.br\/workshopmicrofluidica\/wp-content\/uploads\/sites\/4\/2017\/09\/T31_Moraes_da_Silva.pdf\">MICROFLUIDIC DEVICES AND GIGAHERTZ SENSOR APPLIED TO MEASUREMENTS OF LIQUID MIXTURES CONCENTRATION<\/a><\/td>\n<td style=\"width: 209px;\">\u00a0MORAES DA SILVA JR, SALOMAO; STIENS, JOHAN; MOSHKALEV,<br \/>\nSTANISLAV; WILLIBRORDUS SWART, JACOBUS; FLACKER, ALEXANDER;<br \/>\nZHANG, YUCHEN; MATVEJEV, VLADIMIR; VANDERMEIREN, WERNER AND<br \/>\nDE TANDT, CATHLEEN.<\/td>\n<\/tr>\n<tr>\n<td style=\"width: 65px; text-align: center;\"><strong>32\u00a0<\/strong><\/td>\n<td style=\"width: 286px;\">\u00a0<a href=\"http:\/\/pages.cnpem.br\/workshopmicrofluidica\/wp-content\/uploads\/sites\/4\/2017\/09\/T32_Elizalde.pdf\">MULTIPLE INTERCONNECTED CAPILLARY TUBES MODEL FOR<\/a><br \/>\n<a href=\"http:\/\/pages.cnpem.br\/workshopmicrofluidica\/wp-content\/uploads\/sites\/4\/2017\/09\/T32_Elizalde.pdf\">DESCRIPTION OF ADVANCED FEATURES OF CAPILLARY FLOW IN<\/a><br \/>\n<a href=\"http:\/\/pages.cnpem.br\/workshopmicrofluidica\/wp-content\/uploads\/sites\/4\/2017\/09\/T32_Elizalde.pdf\">PAPER STRIPS.<\/a><\/td>\n<td style=\"width: 209px;\">\u00a0ELIZALDE, EMANUEL; URTEAGA, RAUL; DURIEZ, THOMAS; BERLI, CLAUDIO<\/td>\n<\/tr>\n<tr>\n<td style=\"width: 65px; text-align: center;\"><strong>33<\/strong><\/td>\n<td style=\"width: 286px;\"><a href=\"http:\/\/pages.cnpem.br\/workshopmicrofluidica\/wp-content\/uploads\/sites\/4\/2017\/09\/T33_Cunha.pdf\">HEATED SURFACE NANOSTRUCTURED BY BOILING PROCESS: A<\/a><br \/>\n<a href=\"http:\/\/pages.cnpem.br\/workshopmicrofluidica\/wp-content\/uploads\/sites\/4\/2017\/09\/T33_Cunha.pdf\">ANALYSIS THE NANOFLUID CONCENTRATION EFFECTS ON<\/a><br \/>\n<a href=\"http:\/\/pages.cnpem.br\/workshopmicrofluidica\/wp-content\/uploads\/sites\/4\/2017\/09\/T33_Cunha.pdf\">ROUGHNESS, WETTABILITY, AND THERMOGRAPHIC PROFILE<\/a><\/td>\n<td style=\"width: 209px;\">\u00a0CUNHA, ALEX PEREIRA; KIYOMURA, IGOR SEICHO; CARDOSO, ELAINE<br \/>\nMARIA<\/td>\n<\/tr>\n<tr>\n<td style=\"width: 65px; text-align: center;\"><strong>34\u00a0<\/strong><\/td>\n<td style=\"width: 286px;\"><a href=\"http:\/\/pages.cnpem.br\/workshopmicrofluidica\/wp-content\/uploads\/sites\/4\/2017\/09\/T34_Suzuki.pdf\">DESENVOLVIMENTO DE UM MICROSISTEMA PR\u00c9-CONCENTRADOR PARA DETERMINA\u00c7\u00c3O DE F\u00d3SFORO EM \u00c1GUAS DE MANANCIAIS<\/a><\/td>\n<td style=\"width: 209px;\">\u00a0ALEX HIDEYOSHI FANCIO SUZUKI, HERON DOMINGUEZ TORRES DA SILVA,<br \/>\nROMILDA FERN\u00c1NDEZ FELISBINO<\/td>\n<\/tr>\n<tr>\n<td style=\"width: 65px; text-align: center;\"><strong>35\u00a0<\/strong><\/td>\n<td style=\"width: 286px;\"><a href=\"http:\/\/pages.cnpem.br\/workshopmicrofluidica\/wp-content\/uploads\/sites\/4\/2017\/09\/T35_Cardoso.pdf\">A PAPER-BASED COLORIMETRIC SPOT TEST FOR THE IDENTIFICATION OF ADULTERATED WHISKEYS<\/a><\/td>\n<td style=\"width: 209px;\">\u00a0CARDOSO, THIAGO M. G.; CHANNON, ROBERT B.; ADKINS, JACLYN A.;<br \/>\nTALHAVINI, MARCIO; COLTRO, WENDELL K. T.; HENRY, CHARLES S.<\/td>\n<\/tr>\n<tr>\n<td style=\"width: 65px; text-align: center;\"><strong>36\u00a0<\/strong><\/td>\n<td style=\"width: 286px;\"><a href=\"http:\/\/pages.cnpem.br\/workshopmicrofluidica\/wp-content\/uploads\/sites\/4\/2017\/09\/T36_de_Lima_Garcia.pdf\">TECHNOLOGICAL MONITORING OF LAB-ON-A-CHIP DEVICES FOR BIOTERRORISM PATHOGENS DETECTION<\/a><\/td>\n<td style=\"width: 209px;\">\u00a0GARCIA, R\u00d4MULO SANTIAGO DE LIMA<\/td>\n<\/tr>\n<tr>\n<td style=\"width: 65px; text-align: center;\"><strong>37\u00a0<\/strong><\/td>\n<td style=\"width: 286px;\"><a href=\"http:\/\/pages.cnpem.br\/workshopmicrofluidica\/wp-content\/uploads\/sites\/4\/2017\/09\/T37_Cardoso.pdf\">\u00a0LTCC MICROFLUIDIC DEVICES APPLIED ON SYNTHESIS AND FUNCTIONALIZATION OF NANOPARTICLES<\/a><\/td>\n<td style=\"width: 209px;\">CARDOSO, ROBERTA MANSINI; GOMEZ, HOUARI COBAS; GONGORA-RUBIO, MARIO RICARDO; ARAKI, KOITI<\/td>\n<\/tr>\n<tr>\n<td style=\"width: 65px; text-align: center;\"><strong>38\u00a0<\/strong><\/td>\n<td style=\"width: 286px;\"><a href=\"http:\/\/pages.cnpem.br\/workshopmicrofluidica\/wp-content\/uploads\/sites\/4\/2017\/09\/T38_Pandoli.pdf\">\u00a0SCALE-UP AND NUMBERING-UP OF MESO- AND MICROPHOTOCATALYTIC TIO2 SYSTEM FOR ORGANIC DYES DEGRADATION AND PHENOL OXIDATION UNDER UV IRRADIATION<\/a><\/td>\n<td style=\"width: 209px;\">\u00a0PANDOLI OMAR SANTOS DE S\u00c1 DRUVAL, EWBANK VASCONCELLOS LEONARDO, MARINKOVIC BOJAN, DEL ROSSO TOMMASO, FULVIO DANIELE<\/td>\n<\/tr>\n<tr>\n<td style=\"width: 65px; text-align: center;\"><strong>39\u00a0<\/strong><\/td>\n<td style=\"width: 286px;\"><a href=\"http:\/\/pages.cnpem.br\/workshopmicrofluidica\/wp-content\/uploads\/sites\/4\/2017\/09\/T39_do_Nascimento.pdf\">\u00a0CONFOCAL VISUALIZATION OF SIMULTANEOUS TWO-PHASE FLOW THROUGH A 3D MICROFLUIDIC POROUS MEDIUM<\/a><\/td>\n<td style=\"width: 209px;\">\u00a0DO NASCIMENTO, D\u00c9BORA F.; VIMIEIRO J\u00daNIOR, JOS\u00c9 R.; DUNCANSON, WYNTER J.; CARVALHO, M. S.<\/td>\n<\/tr>\n<tr>\n<td style=\"width: 65px; text-align: center;\"><strong>40\u00a0<\/strong><\/td>\n<td style=\"width: 286px;\"><a href=\"http:\/\/pages.cnpem.br\/workshopmicrofluidica\/wp-content\/uploads\/sites\/4\/2017\/09\/T40_Samary.pdf\">\u00a0FLOW-INDUCED MARGINATION OF ELASTIC MICROCAPSULES<\/a><\/td>\n<td style=\"width: 209px;\">\u00a0SAMARY, JULYANA C.; DO NASCIMENTO, D\u00c9BORA F.; AZEVEDO, PEDRO N.; AZEVEDO, BRUNO A.; CARVALHO, M\u00c1RCIO S<\/td>\n<\/tr>\n<tr>\n<td style=\"width: 65px; text-align: center;\"><strong>41\u00a0<\/strong><\/td>\n<td style=\"width: 286px;\"><a href=\"http:\/\/pages.cnpem.br\/workshopmicrofluidica\/wp-content\/uploads\/sites\/4\/2017\/09\/T41_Vianna.pdf\">\u00a0SUPPRESSION OF THE SURFACTANT-INDUCED SERS BLINKING IN A GRAPHENE OXIDE\/GOLD NANOROD NANOCOMPOSITE<\/a><\/td>\n<td style=\"width: 209px;\">\u00a0VIANNA, PILAR; GRASSESCHI, DANIEL; COSTA, GREICE; CARVALHO, ISABEL; DOMINGUES, SERGIO; FONTANA, JAKE; DE MATOS, CHRISTIANO;<\/td>\n<\/tr>\n<tr>\n<td style=\"width: 65px; text-align: center;\"><strong>42\u00a0<\/strong><\/td>\n<td style=\"width: 286px;\"><a href=\"http:\/\/pages.cnpem.br\/workshopmicrofluidica\/wp-content\/uploads\/sites\/4\/2017\/09\/T42_Grando.pdf\">\u00a0DEVELOPMENT OF LOW COST IMMUNOASSAYS IN AUTOMATED MICRODEVICES<\/a><\/td>\n<td style=\"width: 209px;\">\u00a0GRANDO, VIT\u00d3RIA; MIRANDA, BEATRIZ; BORBA, JULIANE; CARRILHO, EMANUEL.<\/td>\n<\/tr>\n<tr>\n<td style=\"width: 65px; text-align: center;\"><strong>43\u00a0<\/strong><\/td>\n<td style=\"width: 286px;\"><a href=\"http:\/\/pages.cnpem.br\/workshopmicrofluidica\/wp-content\/uploads\/sites\/4\/2017\/09\/T43_Moura.pdf\">\u00a0EMULSIONS STABILIZED BY NANOPARTICLES: MICROFLUIDICS AND TRADITIONAL PRODUCTION<\/a><\/td>\n<td style=\"width: 209px;\">\u00a0MOURA, MARIA; CARVALHO, MARCIO; HUILA, MANUEL; PARUSSULO, ANDRE; ARAKI, KOITI; FOSSUM, JON OTTO<\/td>\n<\/tr>\n<tr>\n<td style=\"width: 65px; text-align: center;\"><strong>44\u00a0<\/strong><\/td>\n<td style=\"width: 286px;\"><a href=\"http:\/\/pages.cnpem.br\/workshopmicrofluidica\/wp-content\/uploads\/sites\/4\/2017\/09\/T44_Amorim.pdf\">\u00a0MICROFLUIDIC SYNTHESIS OF NAYF4:YB\/ER NANOPARTICLES<\/a><\/td>\n<td style=\"width: 209px;\">\u00a0T. F. AMORIM DA SILVA, C. H. COSTA, A. S. VIANNA JR, W. DE ROSSI, V.L. MAZZOCCHI, R.E. SAMAD, N.D. VIEIRA JR, S. L. BALDOCHI<\/td>\n<\/tr>\n<tr>\n<td style=\"width: 65px; text-align: center;\"><strong>45\u00a0<\/strong><\/td>\n<td style=\"width: 286px;\"><a href=\"http:\/\/pages.cnpem.br\/workshopmicrofluidica\/wp-content\/uploads\/sites\/4\/2017\/09\/T45_Freitas.pdf\">\u00a0MICROFLUIDIC VOLUMETRIC FLOW DETERMINATION WITH OPTICAL COHERENCE TOMOGRAPHY<\/a><\/td>\n<td style=\"width: 209px;\">\u00a0DE PRETTO, LUCAS R.; NOGUEIRA, GESSE E. C.; FREITAS, ANDERSON Z.<\/td>\n<\/tr>\n<tr>\n<td style=\"width: 65px; text-align: center;\"><strong>46\u00a0<\/strong><\/td>\n<td style=\"width: 286px;\"><a href=\"http:\/\/pages.cnpem.br\/workshopmicrofluidica\/wp-content\/uploads\/sites\/4\/2017\/09\/T46_Wetter.pdf\">\u00a0HIGHLY DIRECTIONAL RANDOM LASER IN A HC-ARROW MICROFLUIDIC CHANNEL CONNECTED TO A RESERVOIR<\/a><\/td>\n<td style=\"width: 209px;\">\u00a0WETTER, NIKLAUS; JORGE, KELLY; ALVORADA, MARIA; MELO, EDUARDO; LOPES, ANTONIO, CARRENO, MARCELO; CHAVEZ, ALAYO.<\/td>\n<\/tr>\n<tr>\n<td style=\"width: 65px; text-align: center;\"><strong>47\u00a0<\/strong><\/td>\n<td style=\"width: 286px;\"><a href=\"http:\/\/pages.cnpem.br\/workshopmicrofluidica\/wp-content\/uploads\/sites\/4\/2017\/09\/T47_Schianti.pdf\">\u00a0MICROFLUIDIC DEVICE FOR HIGH FLOW RATES: MILLIPEDE SYSTEM IN LTCC SUBSTRATE<\/a><\/td>\n<td style=\"width: 209px;\">\u00a0JULIANA DE NOVAIS SCHIANTI, HOUARI COBAS GOMEZ, JESSICA GON\u00c7ALVES DA SILVA, M\u00c1RIO RICARDO GONGORA-RUBIO, ESTHER AMSTAD<\/td>\n<\/tr>\n<tr>\n<td style=\"width: 65px; text-align: center;\"><strong>48\u00a0<\/strong><\/td>\n<td style=\"width: 286px;\"><a href=\"http:\/\/pages.cnpem.br\/workshopmicrofluidica\/wp-content\/uploads\/sites\/4\/2017\/09\/T48_Rosa.pdf\">\u00a0BEHAVIORAL MODELING OF A LTCC MICROFLUIDIC SWITCH<\/a><\/td>\n<td style=\"width: 209px;\">\u00a0ROSA, REINALDO; SEABRA ANTONIO; GONGORA-RUBIO MARIO.<\/td>\n<\/tr>\n<tr>\n<td style=\"width: 65px; text-align: center;\"><strong>49\u00a0<\/strong><\/td>\n<td style=\"width: 286px;\"><a href=\"http:\/\/pages.cnpem.br\/workshopmicrofluidica\/wp-content\/uploads\/sites\/4\/2017\/09\/T49_Cobas_Gomez.pdf\">\u00a0CONTINUOUS REGIME MICROFLUIDIC SYSTEM FOR NANOCAPSULES GENERATION<\/a><\/td>\n<td style=\"width: 209px;\">\u00a0COBAS, HOUARI; G\u00d3NGORA-RUBIO, MARIO R.; RINC\u00d3N, LIZ K.; FEITOSA, VALKER; KIMURA, VANESSA; AGIO, BIANCA; GON\u00c7ALVES, J\u00c9SSICA; WASNIEVSKI, LUCIANA; GUIMAR\u00c3ES, KLEBER; CERIZE, NATALIA; OLIVEIRA, ADRIANO; SEABRA, ANTONIO C.<\/td>\n<\/tr>\n<tr>\n<td style=\"width: 65px; text-align: center;\"><strong>50\u00a0<\/strong><\/td>\n<td style=\"width: 286px;\"><a href=\"http:\/\/pages.cnpem.br\/workshopmicrofluidica\/wp-content\/uploads\/sites\/4\/2017\/09\/T50_dos_Santos.pdf\">\u00a0EMPLOYMENT OF A FLOW SYSTEM COUPLED TO AN IONIC DIFFUSION CELL TO PURIFICATION OF GRAPHENE OXIDE DISPERSION<\/a><\/td>\n<td style=\"width: 209px;\">MARCOS A. DOS SANTOS, LUCAS MARQU\u00caS, JAIRO J. PEDROTTI, CEC\u00cdLIA C. C. E SILVA<\/td>\n<\/tr>\n<\/tbody>\n<\/table>\n<p>&nbsp;<\/p>\n","protected":false},"excerpt":{"rendered":"<p>\u00a0Trabalho T\u00edtulo Autores \u00a01 \u00a0MICROFLUIDIC DEVICES PRODUCED BY MICROMACHINING WITH ULTRA-SHORT LASER PULSES \u00a0DE ROSSI; HERRERA, CRISTHIANO DA COSTA; VIEIRA JR., NILSON DIAS; SAMAD, RICARDO ELGUL 2\u00a0 \u00a0STUDY OF THE STYRENE EMULSIONS FORMATION IN A MICRO REACTOR USING FLUENT CFD TOOL \u00a0C. S. SIQUEIRA, F\u00c1BIO; S. VIANNA JR., ARDSON 3\u00a0 \u00a0MODELING THE ANOMALOUS FILLING DYNAMICS [&hellip;]<\/p>\n","protected":false},"author":10,"featured_media":0,"parent":0,"menu_order":0,"comment_status":"closed","ping_status":"closed","template":"","meta":{"footnotes":""},"class_list":["post-996","page","type-page","status-publish","hentry"],"_links":{"self":[{"href":"https:\/\/pages.cnpem.br\/workshopmicrofluidica\/wp-json\/wp\/v2\/pages\/996","targetHints":{"allow":["GET"]}}],"collection":[{"href":"https:\/\/pages.cnpem.br\/workshopmicrofluidica\/wp-json\/wp\/v2\/pages"}],"about":[{"href":"https:\/\/pages.cnpem.br\/workshopmicrofluidica\/wp-json\/wp\/v2\/types\/page"}],"author":[{"embeddable":true,"href":"https:\/\/pages.cnpem.br\/workshopmicrofluidica\/wp-json\/wp\/v2\/users\/10"}],"replies":[{"embeddable":true,"href":"https:\/\/pages.cnpem.br\/workshopmicrofluidica\/wp-json\/wp\/v2\/comments?post=996"}],"version-history":[{"count":0,"href":"https:\/\/pages.cnpem.br\/workshopmicrofluidica\/wp-json\/wp\/v2\/pages\/996\/revisions"}],"wp:attachment":[{"href":"https:\/\/pages.cnpem.br\/workshopmicrofluidica\/wp-json\/wp\/v2\/media?parent=996"}],"curies":[{"name":"wp","href":"https:\/\/api.w.org\/{rel}","templated":true}]}}